{"id":16126,"date":"2018-11-06T11:45:05","date_gmt":"2018-11-06T11:45:05","guid":{"rendered":"http:\/\/varson.ee\/varson-systems-ou-project-solutions\/"},"modified":"2022-11-23T06:50:49","modified_gmt":"2022-11-23T06:50:49","slug":"varson-systems-ou-project-solutions","status":"publish","type":"page","link":"https:\/\/www.varson.ee\/en\/varson-systems-ou-project-solutions\/","title":{"rendered":"Varson Systems O\u00dc \u2013 project solutions"},"content":{"rendered":"<p>In the spring of 2015, Varson Systems O\u00dc began operations. This was a natural continuation for the Varson O\u00dc client-based needs fulfilment approach.<\/p>\n<p>As Varson O\u00dc\u2019s clients are various Estonian industrial companies whose main purchases include a range of industrial components and spare parts, Varson Systems was created to address the specific needs of these clients.<\/p>\n<p>Varson Systems offers various project solutions, from design to installation.<\/p>\n<p>The Varson Systems team has extensive experience in conveyor system construction, and have been involved in improving the production process efficiency in different factories as well as carrying out modernisation work.<\/p>\n<p>Our long-term experience in the manufacturing sector gives Varson Systems an advantage:<\/p>\n<ul>\n<li>Budgeting for manufacturing company projects \u2013 cost-based optimisation<\/li>\n<li>Component delivery speed and range.<\/li>\n<\/ul>\n<p>The products we offer include various conveyor solutions (screw feeders, band conveyors, chain conveyors, roller tables, aspiration systems, anti-vibration products) as well as different mechanical parts and welded structures.<\/p>\n<p>&nbsp;<\/p>\n<p>Along with conveyor systems, we also offer manufacturing of details and components:<\/p>\n<ul>\n<li>sprockets and pulleys, and processing of openings<\/li>\n<li>manufacture and rubberisation of shafts and drums<\/li>\n<li>manufacture and installation of conveyor belts<\/li>\n<li>chute plastics and various details<\/li>\n<li>installation and assembly work<\/li>\n<\/ul>\n<p>References:<\/p>\n<p><a href=\"http:\/\/varson.ee\/wp-content\/uploads\/2017\/11\/1.png\"><img loading=\"lazy\" decoding=\"async\" class=\"alignnone size-medium wp-image-15761\" src=\"http:\/\/varson.ee\/wp-content\/uploads\/2017\/11\/1-300x122.png\" alt=\"\" width=\"300\" height=\"122\" srcset=\"https:\/\/www.varson.ee\/wp-content\/uploads\/2017\/11\/1-300x122.png 300w, https:\/\/www.varson.ee\/wp-content\/uploads\/2017\/11\/1.png 706w\" sizes=\"auto, (max-width: 300px) 100vw, 300px\" \/><\/a><a href=\"http:\/\/varson.ee\/wp-content\/uploads\/2017\/11\/2.png\"><img loading=\"lazy\" decoding=\"async\" class=\"alignnone size-medium wp-image-15762\" src=\"http:\/\/varson.ee\/wp-content\/uploads\/2017\/11\/2-300x39.png\" alt=\"\" width=\"300\" height=\"39\" srcset=\"https:\/\/www.varson.ee\/wp-content\/uploads\/2017\/11\/2-300x39.png 300w, https:\/\/www.varson.ee\/wp-content\/uploads\/2017\/11\/2-768x100.png 768w, https:\/\/www.varson.ee\/wp-content\/uploads\/2017\/11\/2-1024x134.png 1024w, https:\/\/www.varson.ee\/wp-content\/uploads\/2017\/11\/2.png 1904w\" sizes=\"auto, (max-width: 300px) 100vw, 300px\" \/><\/a><a href=\"http:\/\/varson.ee\/wp-content\/uploads\/2017\/11\/3.png\"><img loading=\"lazy\" decoding=\"async\" class=\"alignnone size-medium wp-image-15763\" src=\"http:\/\/varson.ee\/wp-content\/uploads\/2017\/11\/3-300x100.png\" alt=\"\" width=\"300\" height=\"100\" srcset=\"https:\/\/www.varson.ee\/wp-content\/uploads\/2017\/11\/3-300x100.png 300w, https:\/\/www.varson.ee\/wp-content\/uploads\/2017\/11\/3-768x257.png 768w, https:\/\/www.varson.ee\/wp-content\/uploads\/2017\/11\/3-1024x343.png 1024w, https:\/\/www.varson.ee\/wp-content\/uploads\/2017\/11\/3.png 1517w\" sizes=\"auto, (max-width: 300px) 100vw, 300px\" \/><\/a><\/p>\n<p>Best wishes,<\/p>\n<p>Tarmo Kuurmaa<\/p>\n<p>Varson Systems O\u00dc<\/p>\n","protected":false},"excerpt":{"rendered":"<p>In the spring of 2015, Varson Systems O\u00dc began operations. This was a natural continuation for the Varson O\u00dc client-based needs fulfilment approach. As Varson O\u00dc\u2019s clients are various Estonian industrial companies whose main purchases include a range of industrial components and spare parts, Varson Systems was created to address the specific needs of these clients. Varson Systems offers various project solutions, from design to installation. The Varson Systems team has extensive experience in conveyor system construction, and have been involved in improving the production process efficiency in different factories as well as carrying out modernisation work. Our long-term experience in the manufacturing sector gives Varson Systems an advantage: Budgeting for manufacturing company projects \u2013 cost-based optimisation Component delivery speed and range. The products we offer include various conveyor solutions (screw feeders, band conveyors, chain conveyors, roller tables, aspiration systems, anti-vibration products) as well as different mechanical parts and welded structures. &nbsp; Along with conveyor systems, we also offer manufacturing of details and components: sprockets and pulleys, and processing of openings manufacture and rubberisation of shafts and drums manufacture and installation of conveyor belts chute plastics and various details installation and assembly work References: Best wishes, Tarmo Kuurmaa Varson Systems [&hellip;]<\/p>\n","protected":false},"author":1,"featured_media":0,"parent":0,"menu_order":0,"comment_status":"closed","ping_status":"closed","template":"","meta":{"_lmt_disableupdate":"no","_lmt_disable":"","footnotes":""},"class_list":["post-16126","page","type-page","status-publish","hentry"],"yoast_head":"<!-- This site is optimized with the Yoast SEO plugin v26.8 - https:\/\/yoast.com\/product\/yoast-seo-wordpress\/ -->\n<title>Varson Systems O\u00dc \u2013 project solutions - Varson T\u00f6\u00f6stustarvikud<\/title>\n<meta name=\"robots\" content=\"index, follow, max-snippet:-1, max-image-preview:large, max-video-preview:-1\" \/>\n<link rel=\"canonical\" href=\"https:\/\/www.varson.ee\/en\/varson-systems-ou-project-solutions\/\" \/>\n<meta property=\"og:locale\" content=\"en_US\" \/>\n<meta property=\"og:type\" content=\"article\" \/>\n<meta property=\"og:title\" content=\"Varson Systems O\u00dc \u2013 project solutions - Varson T\u00f6\u00f6stustarvikud\" \/>\n<meta property=\"og:description\" content=\"In the spring of 2015, Varson Systems O\u00dc began operations. This was a natural continuation for the Varson O\u00dc client-based needs fulfilment approach. As Varson O\u00dc\u2019s clients are various Estonian industrial companies whose main purchases include a range of industrial components and spare parts, Varson Systems was created to address the specific needs of these clients. Varson Systems offers various project solutions, from design to installation. The Varson Systems team has extensive experience in conveyor system construction, and have been involved in improving the production process efficiency in different factories as well as carrying out modernisation work. Our long-term experience in the manufacturing sector gives Varson Systems an advantage: Budgeting for manufacturing company projects \u2013 cost-based optimisation Component delivery speed and range. The products we offer include various conveyor solutions (screw feeders, band conveyors, chain conveyors, roller tables, aspiration systems, anti-vibration products) as well as different mechanical parts and welded structures. &nbsp; Along with conveyor systems, we also offer manufacturing of details and components: sprockets and pulleys, and processing of openings manufacture and rubberisation of shafts and drums manufacture and installation of conveyor belts chute plastics and various details installation and assembly work References: Best wishes, Tarmo Kuurmaa Varson Systems [&hellip;]\" \/>\n<meta property=\"og:url\" content=\"https:\/\/www.varson.ee\/en\/varson-systems-ou-project-solutions\/\" \/>\n<meta property=\"og:site_name\" content=\"Varson T\u00f6\u00f6stustarvikud\" \/>\n<meta property=\"article:modified_time\" content=\"2022-11-23T06:50:49+00:00\" \/>\n<meta property=\"og:image\" content=\"http:\/\/varson.ee\/wp-content\/uploads\/2017\/11\/1-300x122.png\" \/>\n<meta name=\"twitter:card\" content=\"summary_large_image\" \/>\n<meta name=\"twitter:label1\" content=\"Est. reading time\" \/>\n\t<meta name=\"twitter:data1\" content=\"2 minutes\" \/>\n<script type=\"application\/ld+json\" class=\"yoast-schema-graph\">{\"@context\":\"https:\/\/schema.org\",\"@graph\":[{\"@type\":\"WebPage\",\"@id\":\"https:\/\/www.varson.ee\/en\/varson-systems-ou-project-solutions\/\",\"url\":\"https:\/\/www.varson.ee\/en\/varson-systems-ou-project-solutions\/\",\"name\":\"Varson Systems O\u00dc \u2013 project solutions - Varson T\u00f6\u00f6stustarvikud\",\"isPartOf\":{\"@id\":\"https:\/\/varson.ee\/#website\"},\"primaryImageOfPage\":{\"@id\":\"https:\/\/www.varson.ee\/en\/varson-systems-ou-project-solutions\/#primaryimage\"},\"image\":{\"@id\":\"https:\/\/www.varson.ee\/en\/varson-systems-ou-project-solutions\/#primaryimage\"},\"thumbnailUrl\":\"http:\/\/varson.ee\/wp-content\/uploads\/2017\/11\/1-300x122.png\",\"datePublished\":\"2018-11-06T11:45:05+00:00\",\"dateModified\":\"2022-11-23T06:50:49+00:00\",\"breadcrumb\":{\"@id\":\"https:\/\/www.varson.ee\/en\/varson-systems-ou-project-solutions\/#breadcrumb\"},\"inLanguage\":\"en-US\",\"potentialAction\":[{\"@type\":\"ReadAction\",\"target\":[\"https:\/\/www.varson.ee\/en\/varson-systems-ou-project-solutions\/\"]}]},{\"@type\":\"ImageObject\",\"inLanguage\":\"en-US\",\"@id\":\"https:\/\/www.varson.ee\/en\/varson-systems-ou-project-solutions\/#primaryimage\",\"url\":\"http:\/\/varson.ee\/wp-content\/uploads\/2017\/11\/1-300x122.png\",\"contentUrl\":\"http:\/\/varson.ee\/wp-content\/uploads\/2017\/11\/1-300x122.png\"},{\"@type\":\"BreadcrumbList\",\"@id\":\"https:\/\/www.varson.ee\/en\/varson-systems-ou-project-solutions\/#breadcrumb\",\"itemListElement\":[{\"@type\":\"ListItem\",\"position\":1,\"name\":\"Home\",\"item\":\"https:\/\/www.varson.ee\/en\/\"},{\"@type\":\"ListItem\",\"position\":2,\"name\":\"Varson Systems O\u00dc \u2013 project solutions\"}]},{\"@type\":\"WebSite\",\"@id\":\"https:\/\/varson.ee\/#website\",\"url\":\"https:\/\/varson.ee\/\",\"name\":\"Varson T\u00f6\u00f6stustarvikud\",\"description\":\"T\u00f6\u00f6stustarvikud\",\"potentialAction\":[{\"@type\":\"SearchAction\",\"target\":{\"@type\":\"EntryPoint\",\"urlTemplate\":\"https:\/\/varson.ee\/?s={search_term_string}\"},\"query-input\":{\"@type\":\"PropertyValueSpecification\",\"valueRequired\":true,\"valueName\":\"search_term_string\"}}],\"inLanguage\":\"en-US\"}]}<\/script>\n<!-- \/ Yoast SEO plugin. -->","yoast_head_json":{"title":"Varson Systems O\u00dc \u2013 project solutions - Varson T\u00f6\u00f6stustarvikud","robots":{"index":"index","follow":"follow","max-snippet":"max-snippet:-1","max-image-preview":"max-image-preview:large","max-video-preview":"max-video-preview:-1"},"canonical":"https:\/\/www.varson.ee\/en\/varson-systems-ou-project-solutions\/","og_locale":"en_US","og_type":"article","og_title":"Varson Systems O\u00dc \u2013 project solutions - Varson T\u00f6\u00f6stustarvikud","og_description":"In the spring of 2015, Varson Systems O\u00dc began operations. This was a natural continuation for the Varson O\u00dc client-based needs fulfilment approach. As Varson O\u00dc\u2019s clients are various Estonian industrial companies whose main purchases include a range of industrial components and spare parts, Varson Systems was created to address the specific needs of these clients. Varson Systems offers various project solutions, from design to installation. The Varson Systems team has extensive experience in conveyor system construction, and have been involved in improving the production process efficiency in different factories as well as carrying out modernisation work. Our long-term experience in the manufacturing sector gives Varson Systems an advantage: Budgeting for manufacturing company projects \u2013 cost-based optimisation Component delivery speed and range. The products we offer include various conveyor solutions (screw feeders, band conveyors, chain conveyors, roller tables, aspiration systems, anti-vibration products) as well as different mechanical parts and welded structures. &nbsp; Along with conveyor systems, we also offer manufacturing of details and components: sprockets and pulleys, and processing of openings manufacture and rubberisation of shafts and drums manufacture and installation of conveyor belts chute plastics and various details installation and assembly work References: Best wishes, Tarmo Kuurmaa Varson Systems [&hellip;]","og_url":"https:\/\/www.varson.ee\/en\/varson-systems-ou-project-solutions\/","og_site_name":"Varson T\u00f6\u00f6stustarvikud","article_modified_time":"2022-11-23T06:50:49+00:00","og_image":[{"url":"http:\/\/varson.ee\/wp-content\/uploads\/2017\/11\/1-300x122.png","type":"","width":"","height":""}],"twitter_card":"summary_large_image","twitter_misc":{"Est. reading time":"2 minutes"},"schema":{"@context":"https:\/\/schema.org","@graph":[{"@type":"WebPage","@id":"https:\/\/www.varson.ee\/en\/varson-systems-ou-project-solutions\/","url":"https:\/\/www.varson.ee\/en\/varson-systems-ou-project-solutions\/","name":"Varson Systems O\u00dc \u2013 project solutions - Varson T\u00f6\u00f6stustarvikud","isPartOf":{"@id":"https:\/\/varson.ee\/#website"},"primaryImageOfPage":{"@id":"https:\/\/www.varson.ee\/en\/varson-systems-ou-project-solutions\/#primaryimage"},"image":{"@id":"https:\/\/www.varson.ee\/en\/varson-systems-ou-project-solutions\/#primaryimage"},"thumbnailUrl":"http:\/\/varson.ee\/wp-content\/uploads\/2017\/11\/1-300x122.png","datePublished":"2018-11-06T11:45:05+00:00","dateModified":"2022-11-23T06:50:49+00:00","breadcrumb":{"@id":"https:\/\/www.varson.ee\/en\/varson-systems-ou-project-solutions\/#breadcrumb"},"inLanguage":"en-US","potentialAction":[{"@type":"ReadAction","target":["https:\/\/www.varson.ee\/en\/varson-systems-ou-project-solutions\/"]}]},{"@type":"ImageObject","inLanguage":"en-US","@id":"https:\/\/www.varson.ee\/en\/varson-systems-ou-project-solutions\/#primaryimage","url":"http:\/\/varson.ee\/wp-content\/uploads\/2017\/11\/1-300x122.png","contentUrl":"http:\/\/varson.ee\/wp-content\/uploads\/2017\/11\/1-300x122.png"},{"@type":"BreadcrumbList","@id":"https:\/\/www.varson.ee\/en\/varson-systems-ou-project-solutions\/#breadcrumb","itemListElement":[{"@type":"ListItem","position":1,"name":"Home","item":"https:\/\/www.varson.ee\/en\/"},{"@type":"ListItem","position":2,"name":"Varson Systems O\u00dc \u2013 project solutions"}]},{"@type":"WebSite","@id":"https:\/\/varson.ee\/#website","url":"https:\/\/varson.ee\/","name":"Varson T\u00f6\u00f6stustarvikud","description":"T\u00f6\u00f6stustarvikud","potentialAction":[{"@type":"SearchAction","target":{"@type":"EntryPoint","urlTemplate":"https:\/\/varson.ee\/?s={search_term_string}"},"query-input":{"@type":"PropertyValueSpecification","valueRequired":true,"valueName":"search_term_string"}}],"inLanguage":"en-US"}]}},"_links":{"self":[{"href":"https:\/\/www.varson.ee\/en\/wp-json\/wp\/v2\/pages\/16126","targetHints":{"allow":["GET"]}}],"collection":[{"href":"https:\/\/www.varson.ee\/en\/wp-json\/wp\/v2\/pages"}],"about":[{"href":"https:\/\/www.varson.ee\/en\/wp-json\/wp\/v2\/types\/page"}],"author":[{"embeddable":true,"href":"https:\/\/www.varson.ee\/en\/wp-json\/wp\/v2\/users\/1"}],"replies":[{"embeddable":true,"href":"https:\/\/www.varson.ee\/en\/wp-json\/wp\/v2\/comments?post=16126"}],"version-history":[{"count":1,"href":"https:\/\/www.varson.ee\/en\/wp-json\/wp\/v2\/pages\/16126\/revisions"}],"predecessor-version":[{"id":17326,"href":"https:\/\/www.varson.ee\/en\/wp-json\/wp\/v2\/pages\/16126\/revisions\/17326"}],"wp:attachment":[{"href":"https:\/\/www.varson.ee\/en\/wp-json\/wp\/v2\/media?parent=16126"}],"curies":[{"name":"wp","href":"https:\/\/api.w.org\/{rel}","templated":true}]}}