{"id":16135,"date":"2018-11-06T12:37:22","date_gmt":"2018-11-06T12:37:22","guid":{"rendered":"http:\/\/varson.ee\/sprockets\/"},"modified":"2018-11-07T10:55:25","modified_gmt":"2018-11-07T10:55:25","slug":"sprockets","status":"publish","type":"page","link":"https:\/\/www.varson.ee\/en\/sprockets\/","title":{"rendered":"Sprockets"},"content":{"rendered":"<div class=\"wpb-content-wrapper\"><p>[vc_row top_padding=&#8221;50&#8243; bottom_padding=&#8221;60&#8243;][vc_column width=&#8221;1\/2&#8243;][vc_column_text]To view our sprocket catalogue, click on the button below<\/p>\n<p>&nbsp;<\/p>\n<p>&nbsp;<\/p>\n<a href=\"http:\/\/varson.ee\/wp-content\/uploads\/2017\/09\/Ketirattad.pdf\" target=\"_blank\" class=\"button button-appear color-3 full \" style=\"border-radius: 2px;\"><span>SPROCKET CATALOGUE<i class='fa fa-file-pdf-o'><\/i><\/span><\/a>[\/vc_column_text][\/vc_column][vc_column width=&#8221;1\/2&#8243;]<div class=\"flexslider wpb_content_element\"><ul class=\"slides\"><li><img decoding=\"async\" src=\"https:\/\/www.varson.ee\/wp-content\/uploads\/2017\/09\/5-ketirattad.jpg\" alt=\"\" \/><\/li><\/ul><\/div>[\/vc_column][\/vc_row][vc_row type=&#8221;full_width_section&#8221;][vc_column width=&#8221;1\/1&#8243;]<div class=\"callout clearfix\" style=\"background-color:#efefef; color:#777777;\">\n\t\t<div class=\"callout-text\">Contact us and get an answer to your questions.<\/div>\n\t\t\t<div class=\"callout-button\"><a class=\"button medium color-3\" href=\"\/en\/contact\/\" target=\"_self\">Contact<\/a><\/div>\n\t\t<\/div>[\/vc_column][\/vc_row]<\/p>\n<\/div>","protected":false},"excerpt":{"rendered":"<p>[vc_row top_padding=&#8221;50&#8243; bottom_padding=&#8221;60&#8243;][vc_column width=&#8221;1\/2&#8243;][vc_column_text]To view our sprocket catalogue, click on the button below &nbsp; &nbsp; [\/vc_column_text][\/vc_column][vc_column width=&#8221;1\/2&#8243;][\/vc_column][\/vc_row][vc_row type=&#8221;full_width_section&#8221;][vc_column width=&#8221;1\/1&#8243;][\/vc_column][\/vc_row]<\/p>\n","protected":false},"author":1,"featured_media":0,"parent":0,"menu_order":0,"comment_status":"closed","ping_status":"closed","template":"","meta":{"_lmt_disableupdate":"","_lmt_disable":"","footnotes":""},"class_list":["post-16135","page","type-page","status-publish","hentry"],"yoast_head":"<!-- This site is optimized with the Yoast SEO plugin v26.8 - https:\/\/yoast.com\/product\/yoast-seo-wordpress\/ -->\n<title>Sprockets - Varson T\u00f6\u00f6stustarvikud<\/title>\n<meta name=\"robots\" content=\"index, follow, max-snippet:-1, max-image-preview:large, max-video-preview:-1\" \/>\n<link rel=\"canonical\" href=\"https:\/\/www.varson.ee\/en\/sprockets\/\" \/>\n<meta property=\"og:locale\" content=\"en_US\" \/>\n<meta property=\"og:type\" content=\"article\" \/>\n<meta property=\"og:title\" content=\"Sprockets - Varson T\u00f6\u00f6stustarvikud\" \/>\n<meta property=\"og:description\" content=\"[vc_row top_padding=&#8221;50&#8243; bottom_padding=&#8221;60&#8243;][vc_column width=&#8221;1\/2&#8243;][vc_column_text]To view our sprocket catalogue, click on the button below &nbsp; &nbsp; [\/vc_column_text][\/vc_column][vc_column width=&#8221;1\/2&#8243;][\/vc_column][\/vc_row][vc_row type=&#8221;full_width_section&#8221;][vc_column width=&#8221;1\/1&#8243;][\/vc_column][\/vc_row]\" \/>\n<meta property=\"og:url\" content=\"https:\/\/www.varson.ee\/en\/sprockets\/\" \/>\n<meta property=\"og:site_name\" content=\"Varson T\u00f6\u00f6stustarvikud\" \/>\n<meta property=\"article:modified_time\" content=\"2018-11-07T10:55:25+00:00\" \/>\n<meta name=\"twitter:card\" content=\"summary_large_image\" \/>\n<script type=\"application\/ld+json\" class=\"yoast-schema-graph\">{\"@context\":\"https:\/\/schema.org\",\"@graph\":[{\"@type\":\"WebPage\",\"@id\":\"https:\/\/www.varson.ee\/en\/sprockets\/\",\"url\":\"https:\/\/www.varson.ee\/en\/sprockets\/\",\"name\":\"Sprockets - Varson T\u00f6\u00f6stustarvikud\",\"isPartOf\":{\"@id\":\"https:\/\/varson.ee\/#website\"},\"datePublished\":\"2018-11-06T12:37:22+00:00\",\"dateModified\":\"2018-11-07T10:55:25+00:00\",\"breadcrumb\":{\"@id\":\"https:\/\/www.varson.ee\/en\/sprockets\/#breadcrumb\"},\"inLanguage\":\"en-US\",\"potentialAction\":[{\"@type\":\"ReadAction\",\"target\":[\"https:\/\/www.varson.ee\/en\/sprockets\/\"]}]},{\"@type\":\"BreadcrumbList\",\"@id\":\"https:\/\/www.varson.ee\/en\/sprockets\/#breadcrumb\",\"itemListElement\":[{\"@type\":\"ListItem\",\"position\":1,\"name\":\"Home\",\"item\":\"https:\/\/www.varson.ee\/en\/\"},{\"@type\":\"ListItem\",\"position\":2,\"name\":\"Sprockets\"}]},{\"@type\":\"WebSite\",\"@id\":\"https:\/\/varson.ee\/#website\",\"url\":\"https:\/\/varson.ee\/\",\"name\":\"Varson T\u00f6\u00f6stustarvikud\",\"description\":\"T\u00f6\u00f6stustarvikud\",\"potentialAction\":[{\"@type\":\"SearchAction\",\"target\":{\"@type\":\"EntryPoint\",\"urlTemplate\":\"https:\/\/varson.ee\/?s={search_term_string}\"},\"query-input\":{\"@type\":\"PropertyValueSpecification\",\"valueRequired\":true,\"valueName\":\"search_term_string\"}}],\"inLanguage\":\"en-US\"}]}<\/script>\n<!-- \/ Yoast SEO plugin. -->","yoast_head_json":{"title":"Sprockets - Varson T\u00f6\u00f6stustarvikud","robots":{"index":"index","follow":"follow","max-snippet":"max-snippet:-1","max-image-preview":"max-image-preview:large","max-video-preview":"max-video-preview:-1"},"canonical":"https:\/\/www.varson.ee\/en\/sprockets\/","og_locale":"en_US","og_type":"article","og_title":"Sprockets - Varson T\u00f6\u00f6stustarvikud","og_description":"[vc_row top_padding=&#8221;50&#8243; bottom_padding=&#8221;60&#8243;][vc_column width=&#8221;1\/2&#8243;][vc_column_text]To view our sprocket catalogue, click on the button below &nbsp; &nbsp; [\/vc_column_text][\/vc_column][vc_column width=&#8221;1\/2&#8243;][\/vc_column][\/vc_row][vc_row type=&#8221;full_width_section&#8221;][vc_column width=&#8221;1\/1&#8243;][\/vc_column][\/vc_row]","og_url":"https:\/\/www.varson.ee\/en\/sprockets\/","og_site_name":"Varson T\u00f6\u00f6stustarvikud","article_modified_time":"2018-11-07T10:55:25+00:00","twitter_card":"summary_large_image","schema":{"@context":"https:\/\/schema.org","@graph":[{"@type":"WebPage","@id":"https:\/\/www.varson.ee\/en\/sprockets\/","url":"https:\/\/www.varson.ee\/en\/sprockets\/","name":"Sprockets - Varson T\u00f6\u00f6stustarvikud","isPartOf":{"@id":"https:\/\/varson.ee\/#website"},"datePublished":"2018-11-06T12:37:22+00:00","dateModified":"2018-11-07T10:55:25+00:00","breadcrumb":{"@id":"https:\/\/www.varson.ee\/en\/sprockets\/#breadcrumb"},"inLanguage":"en-US","potentialAction":[{"@type":"ReadAction","target":["https:\/\/www.varson.ee\/en\/sprockets\/"]}]},{"@type":"BreadcrumbList","@id":"https:\/\/www.varson.ee\/en\/sprockets\/#breadcrumb","itemListElement":[{"@type":"ListItem","position":1,"name":"Home","item":"https:\/\/www.varson.ee\/en\/"},{"@type":"ListItem","position":2,"name":"Sprockets"}]},{"@type":"WebSite","@id":"https:\/\/varson.ee\/#website","url":"https:\/\/varson.ee\/","name":"Varson T\u00f6\u00f6stustarvikud","description":"T\u00f6\u00f6stustarvikud","potentialAction":[{"@type":"SearchAction","target":{"@type":"EntryPoint","urlTemplate":"https:\/\/varson.ee\/?s={search_term_string}"},"query-input":{"@type":"PropertyValueSpecification","valueRequired":true,"valueName":"search_term_string"}}],"inLanguage":"en-US"}]}},"_links":{"self":[{"href":"https:\/\/www.varson.ee\/en\/wp-json\/wp\/v2\/pages\/16135","targetHints":{"allow":["GET"]}}],"collection":[{"href":"https:\/\/www.varson.ee\/en\/wp-json\/wp\/v2\/pages"}],"about":[{"href":"https:\/\/www.varson.ee\/en\/wp-json\/wp\/v2\/types\/page"}],"author":[{"embeddable":true,"href":"https:\/\/www.varson.ee\/en\/wp-json\/wp\/v2\/users\/1"}],"replies":[{"embeddable":true,"href":"https:\/\/www.varson.ee\/en\/wp-json\/wp\/v2\/comments?post=16135"}],"version-history":[{"count":4,"href":"https:\/\/www.varson.ee\/en\/wp-json\/wp\/v2\/pages\/16135\/revisions"}],"predecessor-version":[{"id":16210,"href":"https:\/\/www.varson.ee\/en\/wp-json\/wp\/v2\/pages\/16135\/revisions\/16210"}],"wp:attachment":[{"href":"https:\/\/www.varson.ee\/en\/wp-json\/wp\/v2\/media?parent=16135"}],"curies":[{"name":"wp","href":"https:\/\/api.w.org\/{rel}","templated":true}]}}